{"id":5269,"date":"2025-02-27T13:33:13","date_gmt":"2025-02-27T13:33:13","guid":{"rendered":"https:\/\/zirctemetkezes.hu\/?page_id=5269"},"modified":"2025-07-22T16:53:04","modified_gmt":"2025-07-22T16:53:04","slug":"ajanlatkeres","status":"publish","type":"page","link":"https:\/\/eprespark.hu\/en\/ajanlatkeres\/","title":{"rendered":"Request a Quote"},"content":{"rendered":"<p><div class=\"fusion-fullwidth fullwidth-box fusion-builder-row-1 fusion-flex-container has-pattern-background has-mask-background nonhundred-percent-fullwidth non-hundred-percent-height-scrolling\" style=\"--awb-border-radius-top-left:0px;--awb-border-radius-top-right:0px;--awb-border-radius-bottom-right:0px;--awb-border-radius-bottom-left:0px;--awb-margin-top:200px;--awb-flex-wrap:wrap;\" ><div class=\"fusion-builder-row fusion-row fusion-flex-align-items-flex-start fusion-flex-content-wrap\" style=\"max-width:1248px;margin-left: calc(-4% \/ 2 );margin-right: calc(-4% \/ 2 );\"><div class=\"fusion-layout-column fusion_builder_column fusion-builder-column-0 fusion_builder_column_1_1 1_1 fusion-flex-column\" style=\"--awb-bg-size:cover;--awb-width-large:100%;--awb-margin-top-large:0px;--awb-spacing-right-large:1.92%;--awb-margin-bottom-large:20px;--awb-spacing-left-large:1.92%;--awb-width-medium:100%;--awb-order-medium:0;--awb-spacing-right-medium:1.92%;--awb-spacing-left-medium:1.92%;--awb-width-small:100%;--awb-order-small:0;--awb-spacing-right-small:1.92%;--awb-spacing-left-small:1.92%;\"><div class=\"fusion-column-wrapper fusion-column-has-shadow fusion-flex-justify-content-flex-start fusion-content-layout-column\"><div class=\"fusion-title title fusion-title-1 fusion-sep-none fusion-title-center fusion-title-text fusion-title-size-two\" style=\"--awb-font-size:30px;\"><h2 class=\"fusion-title-heading title-heading-center\" style=\"font-family:&quot;Rubik&quot;;font-style:normal;font-weight:400;margin:0;font-size:1em;text-transform:none;\">Choose the service that suits you best<\/h2><\/div><div class=\"fusion-separator fusion-full-width-sep\" style=\"align-self: center;margin-left: auto;margin-right: auto;margin-bottom:50px;width:100%;\"><div class=\"fusion-separator-border sep-shadow\" style=\"--awb-height:20px;--awb-amount:20px;background:radial-gradient(ellipse at 50% -50% , var(--awb-color3) 0px, rgba(255, 255, 255, 0) 80%) repeat scroll 0 0 rgba(0, 0, 0, 0);background:-webkit-radial-gradient(ellipse at 50% -50% , var(--awb-color3) 0px, rgba(255, 255, 255, 0) 80%) repeat scroll 0 0 rgba(0, 0, 0, 0);background:-moz-radial-gradient(ellipse at 50% -50% , var(--awb-color3) 0px, rgba(255, 255, 255, 0) 80%) repeat scroll 0 0 rgba(0, 0, 0, 0);background:-o-radial-gradient(ellipse at 50% -50% , var(--awb-color3) 0px, rgba(255, 255, 255, 0) 80%) repeat scroll 0 0 rgba(0, 0, 0, 0);\"><\/div><\/div><\/div><\/div><\/div><\/div><div class=\"fusion-fullwidth fullwidth-box fusion-builder-row-2 fusion-flex-container has-pattern-background has-mask-background nonhundred-percent-fullwidth non-hundred-percent-height-scrolling\" style=\"--awb-border-radius-top-left:0px;--awb-border-radius-top-right:0px;--awb-border-radius-bottom-right:0px;--awb-border-radius-bottom-left:0px;--awb-flex-wrap:wrap;\" ><div class=\"fusion-builder-row fusion-row fusion-flex-align-items-flex-start fusion-flex-content-wrap\" style=\"max-width:1248px;margin-left: calc(-4% \/ 2 );margin-right: calc(-4% \/ 2 );\"><div class=\"fusion-layout-column fusion_builder_column fusion-builder-column-1 fusion_builder_column_1_1 1_1 fusion-flex-column\" style=\"--awb-bg-size:cover;--awb-width-large:100%;--awb-margin-top-large:0px;--awb-spacing-right-large:1.92%;--awb-margin-bottom-large:20px;--awb-spacing-left-large:1.92%;--awb-width-medium:100%;--awb-order-medium:0;--awb-spacing-right-medium:1.92%;--awb-spacing-left-medium:1.92%;--awb-width-small:100%;--awb-order-small:0;--awb-spacing-right-small:1.92%;--awb-spacing-left-small:1.92%;\"><div class=\"fusion-column-wrapper fusion-column-has-shadow fusion-flex-justify-content-flex-start fusion-content-layout-column\"><div class=\"fusion-builder-row fusion-builder-row-inner fusion-row fusion-flex-align-items-flex-start fusion-flex-content-wrap\" style=\"width:104% !important;max-width:104% !important;margin-left: calc(-4% \/ 2 );margin-right: calc(-4% \/ 2 );\"><div class=\"fusion-layout-column fusion_builder_column_inner fusion-builder-nested-column-0 fusion_builder_column_inner_1_3 1_3 fusion-flex-column\" style=\"--awb-bg-size:cover;--awb-width-large:33.333333333333%;--awb-margin-top-large:0px;--awb-spacing-right-large:5.76%;--awb-margin-bottom-large:20px;--awb-spacing-left-large:5.76%;--awb-width-medium:33.333333333333%;--awb-order-medium:0;--awb-spacing-right-medium:5.76%;--awb-spacing-left-medium:5.76%;--awb-width-small:100%;--awb-order-small:0;--awb-spacing-right-small:1.92%;--awb-spacing-left-small:1.92%;\" data-scroll-devices=\"small-visibility,medium-visibility,large-visibility\"><div class=\"fusion-column-wrapper fusion-column-has-shadow fusion-flex-justify-content-flex-start fusion-content-layout-column\"><div class=\"fusion-image-element\" style=\"--awb-aspect-ratio:1 \/ 1;--awb-caption-title-font-family:var(--h2_typography-font-family);--awb-caption-title-font-weight:var(--h2_typography-font-weight);--awb-caption-title-font-style:var(--h2_typography-font-style);--awb-caption-title-size:var(--h2_typography-font-size);--awb-caption-title-transform:var(--h2_typography-text-transform);--awb-caption-title-line-height:var(--h2_typography-line-height);--awb-caption-title-letter-spacing:var(--h2_typography-letter-spacing);--awb-filter:brightness(100%);--awb-filter-transition:filter 0.3s ease;--awb-filter-hover:brightness(65%);\"><span class=\"fusion-imageframe imageframe-none imageframe-1 hover-type-none has-aspect-ratio\" style=\"border-radius:7px;\"><a class=\"fusion-no-lightbox\" href=\"https:\/\/eprespark.hu\/en\/%C3%BAj-oldal\/rendezvenyek\/\" target=\"_self\" aria-label=\"kaja 1\"><img decoding=\"async\" width=\"1080\" height=\"1080\" src=\"https:\/\/eprespark.hu\/wp-content\/uploads\/2025\/06\/kaja-1.png\" data-orig-src=\"https:\/\/eprespark.hu\/%C3%BAj-oldal\/wp-content\/uploads\/2025\/06\/kaja-1.png\" class=\"lazyload img-responsive wp-image-10129 img-with-aspect-ratio\" alt srcset=\"data:image\/svg+xml,%3Csvg%20xmlns%3D%27http%3A%2F%2Fwww.w3.org%2F2000%2Fsvg%27%20width%3D%271080%27%20height%3D%271080%27%20viewBox%3D%270%200%201080%201080%27%3E%3Crect%20width%3D%271080%27%20height%3D%271080%27%20fill-opacity%3D%220%22%2F%3E%3C%2Fsvg%3E\" data-srcset=\"https:\/\/eprespark.hu\/wp-content\/uploads\/2025\/06\/kaja-1-200x200.png 200w, https:\/\/eprespark.hu\/wp-content\/uploads\/2025\/06\/kaja-1-400x400.png 400w, https:\/\/eprespark.hu\/wp-content\/uploads\/2025\/06\/kaja-1-600x600.png 600w, https:\/\/eprespark.hu\/wp-content\/uploads\/2025\/06\/kaja-1-800x800.png 800w, https:\/\/eprespark.hu\/wp-content\/uploads\/2025\/06\/kaja-1.png 1080w\" data-sizes=\"auto\" data-orig-sizes=\"(max-width: 640px) 100vw, 400px\" \/><\/a><\/span><\/div><div class=\"fusion-title title fusion-title-2 fusion-sep-none fusion-title-center fusion-title-text fusion-title-size-three\" style=\"--awb-margin-bottom:20px;\"><h3 class=\"fusion-title-heading title-heading-center\" style=\"font-family:&quot;Playfair Display&quot;;font-style:normal;font-weight:400;margin:0;text-transform:none;\"><p class=\"wTitle\" data-case=\"uppercase\" data-bold=\"bold\">Events<\/p><\/h3><\/div><div class=\"fusion-text fusion-text-1\" style=\"--awb-content-alignment:center;--awb-font-size:15px;--awb-text-font-family:&quot;Rubik&quot;;--awb-text-font-style:normal;--awb-text-font-weight:400;\"><p>The perfect venue for business meetings, trainings, or corporate dinners.<\/p>\n<\/div><div style=\"text-align:center;\"><a class=\"fusion-button button-flat fusion-button-default-size button-custom fusion-button-default button-1 fusion-button-default-span fusion-button-default-type\" style=\"--button_accent_color:var(--awb-color1);--button_border_color:rgba(216,216,216,0);--button_accent_hover_color:var(--awb-color8);--button_border_hover_color:var(--awb-color8);--button_border_width-top:1px;--button_border_width-right:1px;--button_border_width-bottom:1px;--button_border_width-left:1px;--button-border-radius-top-left:7px;--button-border-radius-top-right:7px;--button-border-radius-bottom-right:7px;--button-border-radius-bottom-left:7px;--button_gradient_top_color:var(--awb-custom_color_2);--button_gradient_bottom_color:var(--awb-custom_color_2);--button_gradient_top_color_hover:var(--awb-custom_color_4);--button_gradient_bottom_color_hover:var(--awb-custom_color_4);--button_padding-top:9px;--button_padding-right:50px;--button_padding-bottom:9px;--button_padding-left:50px;\" target=\"_self\" href=\"https:\/\/eprespark.hu\/en\/%C3%BAj-oldal\/rendezvenyek\/\"><span class=\"fusion-button-text\">View more<\/span><\/a><\/div><\/div><\/div><div class=\"fusion-layout-column fusion_builder_column_inner fusion-builder-nested-column-1 fusion_builder_column_inner_1_3 1_3 fusion-flex-column\" style=\"--awb-bg-size:cover;--awb-width-large:33.333333333333%;--awb-margin-top-large:0px;--awb-spacing-right-large:5.76%;--awb-margin-bottom-large:20px;--awb-spacing-left-large:5.76%;--awb-width-medium:33.333333333333%;--awb-order-medium:0;--awb-spacing-right-medium:5.76%;--awb-spacing-left-medium:5.76%;--awb-width-small:100%;--awb-order-small:0;--awb-spacing-right-small:1.92%;--awb-spacing-left-small:1.92%;\" data-scroll-devices=\"small-visibility,medium-visibility,large-visibility\"><div class=\"fusion-column-wrapper fusion-column-has-shadow fusion-flex-justify-content-flex-start fusion-content-layout-column\"><div class=\"fusion-image-element\" style=\"--awb-aspect-ratio:1 \/ 1;--awb-caption-title-font-family:var(--h2_typography-font-family);--awb-caption-title-font-weight:var(--h2_typography-font-weight);--awb-caption-title-font-style:var(--h2_typography-font-style);--awb-caption-title-size:var(--h2_typography-font-size);--awb-caption-title-transform:var(--h2_typography-text-transform);--awb-caption-title-line-height:var(--h2_typography-line-height);--awb-caption-title-letter-spacing:var(--h2_typography-letter-spacing);--awb-filter:brightness(100%);--awb-filter-transition:filter 0.3s ease;--awb-filter-hover:brightness(65%);\"><span class=\"fusion-imageframe imageframe-none imageframe-2 hover-type-none has-aspect-ratio\" style=\"border-radius:7px;\"><a class=\"fusion-no-lightbox\" href=\"https:\/\/eprespark.hu\/en\/%C3%BAj-oldal\/szobak\/\" target=\"_self\" aria-label=\"Francia\u00e1gy\"><img decoding=\"async\" width=\"1920\" height=\"2560\" src=\"https:\/\/eprespark.hu\/wp-content\/uploads\/2025\/06\/Franciaagy-scaled.jpg\" data-orig-src=\"https:\/\/eprespark.hu\/%C3%BAj-oldal\/wp-content\/uploads\/2025\/06\/Franciaagy-scaled.jpg\" class=\"lazyload img-responsive wp-image-10885 img-with-aspect-ratio\" alt srcset=\"data:image\/svg+xml,%3Csvg%20xmlns%3D%27http%3A%2F%2Fwww.w3.org%2F2000%2Fsvg%27%20width%3D%271920%27%20height%3D%272560%27%20viewBox%3D%270%200%201920%202560%27%3E%3Crect%20width%3D%271920%27%20height%3D%272560%27%20fill-opacity%3D%220%22%2F%3E%3C%2Fsvg%3E\" data-srcset=\"https:\/\/eprespark.hu\/wp-content\/uploads\/2025\/06\/Franciaagy-200x267.jpg 200w, https:\/\/eprespark.hu\/wp-content\/uploads\/2025\/06\/Franciaagy-400x533.jpg 400w, https:\/\/eprespark.hu\/wp-content\/uploads\/2025\/06\/Franciaagy-600x800.jpg 600w, https:\/\/eprespark.hu\/wp-content\/uploads\/2025\/06\/Franciaagy-800x1067.jpg 800w, https:\/\/eprespark.hu\/wp-content\/uploads\/2025\/06\/Franciaagy-1200x1600.jpg 1200w, https:\/\/eprespark.hu\/wp-content\/uploads\/2025\/06\/Franciaagy-scaled.jpg 1920w\" data-sizes=\"auto\" data-orig-sizes=\"(max-width: 640px) 100vw, 400px\" \/><\/a><\/span><\/div><div class=\"fusion-title title fusion-title-3 fusion-sep-none fusion-title-center fusion-title-text fusion-title-size-three\" style=\"--awb-margin-bottom:20px;\"><h3 class=\"fusion-title-heading title-heading-center\" style=\"font-family:&quot;Playfair Display&quot;;font-style:normal;font-weight:400;margin:0;text-transform:none;\"><p class=\"wTitle\" data-case=\"uppercase\" data-bold=\"bold\">Room Reservation<\/p><\/h3><\/div><div class=\"fusion-text fusion-text-2\" style=\"--awb-content-alignment:center;--awb-font-size:15px;--awb-text-font-family:&quot;Rubik&quot;;--awb-text-font-style:normal;--awb-text-font-weight:400;\"><p>Comfortable, well-equipped rooms for individual guests and groups alike.<\/p>\n<\/div><div style=\"text-align:center;\"><a class=\"fusion-button button-flat fusion-button-default-size button-custom fusion-button-default button-2 fusion-button-default-span fusion-button-default-type\" style=\"--button_accent_color:var(--awb-color1);--button_border_color:rgba(234,234,234,0);--button_accent_hover_color:var(--awb-color8);--button_border_hover_color:var(--awb-color8);--button_border_width-top:1px;--button_border_width-right:1px;--button_border_width-bottom:1px;--button_border_width-left:1px;--button-border-radius-top-left:7px;--button-border-radius-top-right:7px;--button-border-radius-bottom-right:7px;--button-border-radius-bottom-left:7px;--button_gradient_top_color:var(--awb-custom_color_2);--button_gradient_bottom_color:var(--awb-custom_color_2);--button_gradient_top_color_hover:var(--awb-custom_color_4);--button_gradient_bottom_color_hover:var(--awb-custom_color_4);--button_padding-top:9px;--button_padding-right:50px;--button_padding-bottom:9px;--button_padding-left:50px;\" target=\"_self\" href=\"https:\/\/eprespark.hu\/en\/%C3%BAj-oldal\/szobak\/\"><span class=\"fusion-button-text\">View more<\/span><\/a><\/div><\/div><\/div><div class=\"fusion-layout-column fusion_builder_column_inner fusion-builder-nested-column-2 fusion_builder_column_inner_1_3 1_3 fusion-flex-column\" style=\"--awb-bg-size:cover;--awb-width-large:33.333333333333%;--awb-margin-top-large:0px;--awb-spacing-right-large:5.76%;--awb-margin-bottom-large:20px;--awb-spacing-left-large:5.76%;--awb-width-medium:33.333333333333%;--awb-order-medium:0;--awb-spacing-right-medium:5.76%;--awb-spacing-left-medium:5.76%;--awb-width-small:100%;--awb-order-small:0;--awb-spacing-right-small:1.92%;--awb-spacing-left-small:1.92%;\" data-scroll-devices=\"small-visibility,medium-visibility,large-visibility\"><div class=\"fusion-column-wrapper fusion-column-has-shadow fusion-flex-justify-content-flex-start fusion-content-layout-column\"><div class=\"fusion-image-element\" style=\"--awb-aspect-ratio:1 \/ 1;--awb-caption-title-font-family:var(--h2_typography-font-family);--awb-caption-title-font-weight:var(--h2_typography-font-weight);--awb-caption-title-font-style:var(--h2_typography-font-style);--awb-caption-title-size:var(--h2_typography-font-size);--awb-caption-title-transform:var(--h2_typography-text-transform);--awb-caption-title-line-height:var(--h2_typography-line-height);--awb-caption-title-letter-spacing:var(--h2_typography-letter-spacing);--awb-filter:brightness(100%);--awb-filter-transition:filter 0.3s ease;--awb-filter-hover:brightness(65%);\"><span class=\"fusion-imageframe imageframe-none imageframe-3 hover-type-none has-aspect-ratio\" style=\"border-radius:7px;\"><a class=\"fusion-no-lightbox\" href=\"https:\/\/eprespark.hu\/en\/%C3%BAj-oldal\/eskuvohelyszin\/\" target=\"_self\" aria-label=\"rendezbey\"><img decoding=\"async\" width=\"2560\" height=\"1705\" src=\"https:\/\/eprespark.hu\/wp-content\/uploads\/2025\/06\/rendezbey.jpg\" data-orig-src=\"https:\/\/eprespark.hu\/%C3%BAj-oldal\/wp-content\/uploads\/2025\/06\/rendezbey.jpg\" class=\"lazyload img-responsive wp-image-9661 img-with-aspect-ratio\" alt srcset=\"data:image\/svg+xml,%3Csvg%20xmlns%3D%27http%3A%2F%2Fwww.w3.org%2F2000%2Fsvg%27%20width%3D%272560%27%20height%3D%271705%27%20viewBox%3D%270%200%202560%201705%27%3E%3Crect%20width%3D%272560%27%20height%3D%271705%27%20fill-opacity%3D%220%22%2F%3E%3C%2Fsvg%3E\" data-srcset=\"https:\/\/eprespark.hu\/wp-content\/uploads\/2025\/06\/rendezbey-200x133.jpg 200w, https:\/\/eprespark.hu\/wp-content\/uploads\/2025\/06\/rendezbey-400x266.jpg 400w, https:\/\/eprespark.hu\/wp-content\/uploads\/2025\/06\/rendezbey-600x400.jpg 600w, https:\/\/eprespark.hu\/wp-content\/uploads\/2025\/06\/rendezbey-800x533.jpg 800w, https:\/\/eprespark.hu\/wp-content\/uploads\/2025\/06\/rendezbey-1200x799.jpg 1200w, https:\/\/eprespark.hu\/wp-content\/uploads\/2025\/06\/rendezbey.jpg 2560w\" data-sizes=\"auto\" data-orig-sizes=\"(max-width: 640px) 100vw, 400px\" \/><\/a><\/span><\/div><div class=\"fusion-title title fusion-title-4 fusion-sep-none fusion-title-center fusion-title-text fusion-title-size-three\" style=\"--awb-margin-bottom:20px;\"><h3 class=\"fusion-title-heading title-heading-center\" style=\"font-family:&quot;Playfair Display&quot;;font-style:normal;font-weight:400;margin:0;text-transform:none;\"><p class=\"wTitle\" data-case=\"uppercase\" data-bold=\"bold\">Weddings<\/p><\/h3><\/div><div class=\"fusion-text fusion-text-3\" style=\"--awb-content-alignment:center;--awb-font-size:15px;--awb-text-font-family:&quot;Rubik&quot;;--awb-text-font-style:normal;--awb-text-font-weight:400;\"><p>Charming setting and full-service coordination for one of the most important days of your life.<\/p>\n<\/div><div style=\"text-align:center;\"><a class=\"fusion-button button-flat fusion-button-default-size button-custom fusion-button-default button-3 fusion-button-default-span fusion-button-default-type\" style=\"--button_accent_color:var(--awb-color1);--button_border_color:rgba(209,209,209,0);--button_accent_hover_color:var(--awb-color8);--button_border_hover_color:var(--awb-color8);--button_border_width-top:1px;--button_border_width-right:1px;--button_border_width-bottom:1px;--button_border_width-left:1px;--button-border-radius-top-left:7px;--button-border-radius-top-right:7px;--button-border-radius-bottom-right:7px;--button-border-radius-bottom-left:7px;--button_gradient_top_color:var(--awb-custom_color_2);--button_gradient_bottom_color:var(--awb-custom_color_2);--button_gradient_top_color_hover:var(--awb-custom_color_4);--button_gradient_bottom_color_hover:var(--awb-custom_color_4);--button_padding-top:9px;--button_padding-right:50px;--button_padding-bottom:9px;--button_padding-left:50px;\" target=\"_self\" href=\"https:\/\/eprespark.hu\/en\/%C3%BAj-oldal\/eskuvohelyszin\/\"><span class=\"fusion-button-text\">View more<\/span><\/a><\/div><\/div><\/div><\/div><\/div><\/div><\/div><\/div><\/p>","protected":false},"excerpt":{"rendered":"","protected":false},"author":2,"featured_media":0,"parent":0,"menu_order":0,"comment_status":"closed","ping_status":"closed","template":"100-width.php","meta":{"footnotes":""},"class_list":["post-5269","page","type-page","status-publish","hentry"],"yoast_head":"<!-- This site is optimized with the Yoast SEO plugin v25.9 - https:\/\/yoast.com\/wordpress\/plugins\/seo\/ -->\n<title>\u00c1raj\u00e1nlatk\u00e9r\u00e9s | Eprespark Panzi\u00f3<\/title>\n<meta name=\"description\" content=\"K\u00e9rjen szem\u00e9lyre szabott aj\u00e1nlatot sz\u00e1ll\u00e1sra vagy rendezv\u00e9nyre! Gyors v\u00e1lasz, egyedi megold\u00e1sok, szem\u00e9lyes \u00fcgyint\u00e9z\u00e9ssel seg\u00edt\u00fcnk.\" \/>\n<meta name=\"robots\" content=\"index, nofollow, max-snippet:-1, max-image-preview:large, max-video-preview:-1\" \/>\n<link rel=\"canonical\" href=\"https:\/\/eprespark.hu\/en\/ajanlatkeres\/\" \/>\n<meta property=\"og:locale\" content=\"en_US\" \/>\n<meta property=\"og:type\" content=\"article\" \/>\n<meta property=\"og:title\" content=\"\u00c1raj\u00e1nlatk\u00e9r\u00e9s | Eprespark Panzi\u00f3\" \/>\n<meta property=\"og:description\" content=\"K\u00e9rjen szem\u00e9lyre szabott aj\u00e1nlatot sz\u00e1ll\u00e1sra vagy rendezv\u00e9nyre! Gyors v\u00e1lasz, egyedi megold\u00e1sok, szem\u00e9lyes \u00fcgyint\u00e9z\u00e9ssel seg\u00edt\u00fcnk.\" \/>\n<meta property=\"og:url\" content=\"https:\/\/eprespark.hu\/en\/ajanlatkeres\/\" \/>\n<meta property=\"og:site_name\" content=\"Eprespark\" \/>\n<meta property=\"article:modified_time\" content=\"2025-07-22T16:53:04+00:00\" \/>\n<meta name=\"twitter:card\" content=\"summary_large_image\" \/>\n<meta name=\"twitter:label1\" content=\"Est. reading time\" \/>\n\t<meta name=\"twitter:data1\" content=\"1 minute\" \/>\n<script type=\"application\/ld+json\" class=\"yoast-schema-graph\">{\"@context\":\"https:\/\/schema.org\",\"@graph\":[{\"@type\":\"WebPage\",\"@id\":\"https:\/\/eprespark.hu\/ajanlatkeres\/\",\"url\":\"https:\/\/eprespark.hu\/ajanlatkeres\/\",\"name\":\"\u00c1raj\u00e1nlatk\u00e9r\u00e9s | Eprespark Panzi\u00f3\",\"isPartOf\":{\"@id\":\"https:\/\/eprespark.hu\/#website\"},\"datePublished\":\"2025-02-27T13:33:13+00:00\",\"dateModified\":\"2025-07-22T16:53:04+00:00\",\"description\":\"K\u00e9rjen szem\u00e9lyre szabott aj\u00e1nlatot sz\u00e1ll\u00e1sra vagy rendezv\u00e9nyre! Gyors v\u00e1lasz, egyedi megold\u00e1sok, szem\u00e9lyes \u00fcgyint\u00e9z\u00e9ssel seg\u00edt\u00fcnk.\",\"breadcrumb\":{\"@id\":\"https:\/\/eprespark.hu\/ajanlatkeres\/#breadcrumb\"},\"inLanguage\":\"en-US\",\"potentialAction\":[{\"@type\":\"ReadAction\",\"target\":[\"https:\/\/eprespark.hu\/ajanlatkeres\/\"]}]},{\"@type\":\"BreadcrumbList\",\"@id\":\"https:\/\/eprespark.hu\/ajanlatkeres\/#breadcrumb\",\"itemListElement\":[{\"@type\":\"ListItem\",\"position\":1,\"name\":\"Kezd\u0151lap\",\"item\":\"https:\/\/eprespark.hu\/\"},{\"@type\":\"ListItem\",\"position\":2,\"name\":\"\u00c1raj\u00e1nlatk\u00e9r\u00e9s\"}]},{\"@type\":\"WebSite\",\"@id\":\"https:\/\/eprespark.hu\/#website\",\"url\":\"https:\/\/eprespark.hu\/\",\"name\":\"Eprespark Hotel \u00e9s Rendezv\u00e9nyhelysz\u00edn\",\"description\":\"Eprespark\",\"publisher\":{\"@id\":\"https:\/\/eprespark.hu\/#organization\"},\"potentialAction\":[{\"@type\":\"SearchAction\",\"target\":{\"@type\":\"EntryPoint\",\"urlTemplate\":\"https:\/\/eprespark.hu\/?s={search_term_string}\"},\"query-input\":{\"@type\":\"PropertyValueSpecification\",\"valueRequired\":true,\"valueName\":\"search_term_string\"}}],\"inLanguage\":\"en-US\"},{\"@type\":\"Organization\",\"@id\":\"https:\/\/eprespark.hu\/#organization\",\"name\":\"Eprespark Hotel \u00e9s Rendezv\u00e9nyhelysz\u00edn\",\"url\":\"https:\/\/eprespark.hu\/\",\"logo\":{\"@type\":\"ImageObject\",\"inLanguage\":\"en-US\",\"@id\":\"https:\/\/eprespark.hu\/#\/schema\/logo\/image\/\",\"url\":\"https:\/\/eprespark.hu\/%C3%BAj-oldal\/wp-content\/uploads\/2025\/06\/eprespark_logo_transparent-1.png\",\"contentUrl\":\"https:\/\/eprespark.hu\/%C3%BAj-oldal\/wp-content\/uploads\/2025\/06\/eprespark_logo_transparent-1.png\",\"width\":536,\"height\":645,\"caption\":\"Eprespark Hotel \u00e9s Rendezv\u00e9nyhelysz\u00edn\"},\"image\":{\"@id\":\"https:\/\/eprespark.hu\/#\/schema\/logo\/image\/\"}}]}<\/script>\n<!-- \/ Yoast SEO plugin. -->","yoast_head_json":{"title":"\u00c1raj\u00e1nlatk\u00e9r\u00e9s | Eprespark Panzi\u00f3","description":"K\u00e9rjen szem\u00e9lyre szabott aj\u00e1nlatot sz\u00e1ll\u00e1sra vagy rendezv\u00e9nyre! Gyors v\u00e1lasz, egyedi megold\u00e1sok, szem\u00e9lyes \u00fcgyint\u00e9z\u00e9ssel seg\u00edt\u00fcnk.","robots":{"index":"index","follow":"nofollow","max-snippet":"max-snippet:-1","max-image-preview":"max-image-preview:large","max-video-preview":"max-video-preview:-1"},"canonical":"https:\/\/eprespark.hu\/en\/ajanlatkeres\/","og_locale":"en_US","og_type":"article","og_title":"\u00c1raj\u00e1nlatk\u00e9r\u00e9s | Eprespark Panzi\u00f3","og_description":"K\u00e9rjen szem\u00e9lyre szabott aj\u00e1nlatot sz\u00e1ll\u00e1sra vagy rendezv\u00e9nyre! Gyors v\u00e1lasz, egyedi megold\u00e1sok, szem\u00e9lyes \u00fcgyint\u00e9z\u00e9ssel seg\u00edt\u00fcnk.","og_url":"https:\/\/eprespark.hu\/en\/ajanlatkeres\/","og_site_name":"Eprespark","article_modified_time":"2025-07-22T16:53:04+00:00","twitter_card":"summary_large_image","twitter_misc":{"Est. reading time":"1 minute"},"schema":{"@context":"https:\/\/schema.org","@graph":[{"@type":"WebPage","@id":"https:\/\/eprespark.hu\/ajanlatkeres\/","url":"https:\/\/eprespark.hu\/ajanlatkeres\/","name":"\u00c1raj\u00e1nlatk\u00e9r\u00e9s | Eprespark Panzi\u00f3","isPartOf":{"@id":"https:\/\/eprespark.hu\/#website"},"datePublished":"2025-02-27T13:33:13+00:00","dateModified":"2025-07-22T16:53:04+00:00","description":"K\u00e9rjen szem\u00e9lyre szabott aj\u00e1nlatot sz\u00e1ll\u00e1sra vagy rendezv\u00e9nyre! Gyors v\u00e1lasz, egyedi megold\u00e1sok, szem\u00e9lyes \u00fcgyint\u00e9z\u00e9ssel seg\u00edt\u00fcnk.","breadcrumb":{"@id":"https:\/\/eprespark.hu\/ajanlatkeres\/#breadcrumb"},"inLanguage":"en-US","potentialAction":[{"@type":"ReadAction","target":["https:\/\/eprespark.hu\/ajanlatkeres\/"]}]},{"@type":"BreadcrumbList","@id":"https:\/\/eprespark.hu\/ajanlatkeres\/#breadcrumb","itemListElement":[{"@type":"ListItem","position":1,"name":"Kezd\u0151lap","item":"https:\/\/eprespark.hu\/"},{"@type":"ListItem","position":2,"name":"\u00c1raj\u00e1nlatk\u00e9r\u00e9s"}]},{"@type":"WebSite","@id":"https:\/\/eprespark.hu\/#website","url":"https:\/\/eprespark.hu\/","name":"Eprespark Hotel \u00e9s Rendezv\u00e9nyhelysz\u00edn","description":"Eprespark","publisher":{"@id":"https:\/\/eprespark.hu\/#organization"},"potentialAction":[{"@type":"SearchAction","target":{"@type":"EntryPoint","urlTemplate":"https:\/\/eprespark.hu\/?s={search_term_string}"},"query-input":{"@type":"PropertyValueSpecification","valueRequired":true,"valueName":"search_term_string"}}],"inLanguage":"en-US"},{"@type":"Organization","@id":"https:\/\/eprespark.hu\/#organization","name":"Eprespark Hotel \u00e9s Rendezv\u00e9nyhelysz\u00edn","url":"https:\/\/eprespark.hu\/","logo":{"@type":"ImageObject","inLanguage":"en-US","@id":"https:\/\/eprespark.hu\/#\/schema\/logo\/image\/","url":"https:\/\/eprespark.hu\/%C3%BAj-oldal\/wp-content\/uploads\/2025\/06\/eprespark_logo_transparent-1.png","contentUrl":"https:\/\/eprespark.hu\/%C3%BAj-oldal\/wp-content\/uploads\/2025\/06\/eprespark_logo_transparent-1.png","width":536,"height":645,"caption":"Eprespark Hotel \u00e9s Rendezv\u00e9nyhelysz\u00edn"},"image":{"@id":"https:\/\/eprespark.hu\/#\/schema\/logo\/image\/"}}]}},"_links":{"self":[{"href":"https:\/\/eprespark.hu\/en\/wp-json\/wp\/v2\/pages\/5269","targetHints":{"allow":["GET"]}}],"collection":[{"href":"https:\/\/eprespark.hu\/en\/wp-json\/wp\/v2\/pages"}],"about":[{"href":"https:\/\/eprespark.hu\/en\/wp-json\/wp\/v2\/types\/page"}],"author":[{"embeddable":true,"href":"https:\/\/eprespark.hu\/en\/wp-json\/wp\/v2\/users\/2"}],"replies":[{"embeddable":true,"href":"https:\/\/eprespark.hu\/en\/wp-json\/wp\/v2\/comments?post=5269"}],"version-history":[{"count":105,"href":"https:\/\/eprespark.hu\/en\/wp-json\/wp\/v2\/pages\/5269\/revisions"}],"predecessor-version":[{"id":11415,"href":"https:\/\/eprespark.hu\/en\/wp-json\/wp\/v2\/pages\/5269\/revisions\/11415"}],"wp:attachment":[{"href":"https:\/\/eprespark.hu\/en\/wp-json\/wp\/v2\/media?parent=5269"}],"curies":[{"name":"wp","href":"https:\/\/api.w.org\/{rel}","templated":true}]}}